{"id":3700,"date":"2013-05-24T20:06:54","date_gmt":"2013-05-24T18:06:54","guid":{"rendered":"http:\/\/avada.theme-fusion.comxml\/?page_id=3700"},"modified":"2020-01-24T10:30:32","modified_gmt":"2020-01-24T09:30:32","slug":"lediga-tjanster","status":"publish","type":"page","link":"http:\/\/motorkompetens.com\/en\/lediga-tjanster\/","title":{"rendered":"Available positions"},"content":{"rendered":"<p><div class=\"fusion-fullwidth fullwidth-box fusion-builder-row-1 nonhundred-percent-fullwidth non-hundred-percent-height-scrolling\" style=\"--awb-border-radius-top-left:0px;--awb-border-radius-top-right:0px;--awb-border-radius-bottom-right:0px;--awb-border-radius-bottom-left:0px;--awb-padding-top:20px;--awb-padding-bottom:20px;--awb-flex-wrap:wrap;\" ><div class=\"fusion-builder-row fusion-row\"><div class=\"fusion-layout-column fusion_builder_column fusion-builder-column-0 fusion_builder_column_1_1 1_1 fusion-one-full fusion-column-first fusion-column-last\" style=\"--awb-bg-size:cover;\"><div class=\"fusion-column-wrapper fusion-flex-column-wrapper-legacy\"><div class=\"fusion-text fusion-text-1\"><h3>Jobba hos Skandinavisk Kompetensservice avd Motor &amp; Mekanik<\/h3>\n<p>Som konsult hos oss f\u00f6retr\u00e4der du v\u00e5rt f\u00f6retag n\u00e4r du arbetar p\u00e5 plats hos v\u00e5r kund.<br \/>\nSom anst\u00e4lld blir du en del av en organisation i stark utveckling. Vi ger dig m\u00f6jlighet till en flexibel tj\u00e4nst och prospekt att utvecklas med oss. Din spetskompetens \u00e4r efterfr\u00e5gad, vilket betyder att m\u00f6jligheten finns att vi kan skr\u00e4ddarsy en tj\u00e4nst f\u00f6r just dig.<\/p>\n<p>Hos oss \u00e4r du inte en i m\u00e4ngden. Du \u00e4r viktig f\u00f6r oss. D\u00e4rf\u00f6r f\u00e5r du en personlig personalkontakt. V\u00e5ra anst\u00e4llda \u00e4r v\u00e5r viktigaste tillg\u00e5ng och det \u00e4r vi oerh\u00f6rt stolta \u00f6ver. D\u00e4rf\u00f6r satsar vi stort p\u00e5 kompetensanalyser och vidareutveckling. Som anst\u00e4lld erbjuds du hela tiden nya utmaningar och m\u00f6jligheten att f\u00e5 ta del av v\u00e5rt breda n\u00e4tverk bland arbetsgivare.<\/p>\n<p>N\u00e4r du arbetar hos oss \u00e4r du helf\u00f6rs\u00e4krad. Dessutom erbjuder vi marknadsm\u00e4ssiga villkor i utbyte mot r\u00e4tt kompetens och en positiv och flexibel inst\u00e4llning.<br \/>\nTveka inte att l\u00e4mna din intresseanm\u00e4lan redan i dag!<\/p>\n<\/div><div class=\"fusion-clearfix\"><\/div><\/div><\/div><\/div><\/div><div class=\"fusion-fullwidth fullwidth-box fusion-builder-row-2 hundred-percent-fullwidth non-hundred-percent-height-scrolling\" style=\"--awb-border-radius-top-left:0px;--awb-border-radius-top-right:0px;--awb-border-radius-bottom-right:0px;--awb-border-radius-bottom-left:0px;--awb-margin-top:15px;--awb-flex-wrap:wrap;\" ><div class=\"fusion-builder-row fusion-row\"><div class=\"fusion-layout-column fusion_builder_column fusion-builder-column-1 fusion_builder_column_1_1 1_1 fusion-one-full fusion-column-first fusion-column-last fusion-column-no-min-height\" style=\"--awb-bg-size:cover;--awb-margin-bottom:0px;\"><div class=\"fusion-column-wrapper fusion-flex-column-wrapper-legacy\"><div class=\"fusion-title title fusion-title-1 fusion-title-center fusion-title-text fusion-title-size-two\" style=\"--awb-margin-bottom:20px;\"><div class=\"title-sep-container title-sep-container-left\"><div class=\"title-sep sep-double sep-solid\" style=\"border-color:#e0dede;\"><\/div><\/div><span class=\"awb-title-spacer\"><\/span><h2 class=\"fusion-title-heading title-heading-center fusion-responsive-typography-calculated\" style=\"margin:0;--fontSize:18;--minFontSize:18;line-height:1.5;\">Lediga tj\u00e4nster hos Skandinavisk Kompetensservice avd Motor &amp; Mekanik<\/h2><span class=\"awb-title-spacer\"><\/span><div class=\"title-sep-container title-sep-container-right\"><div class=\"title-sep sep-double sep-solid\" style=\"border-color:#e0dede;\"><\/div><\/div><\/div><div class=\"fusion-blog-shortcode fusion-blog-shortcode-1 fusion-blog-archive fusion-blog-layout-medium-alternate fusion-blog-pagination\"><div class=\"fusion-posts-container fusion-posts-container-pagination fusion-blog-rollover\" data-pages=\"1\"><article id=\"blog-1-post-12375\" class=\"fusion-post-medium-alternate post-12375 post type-post status-publish format-standard hentry category-batmekaniker\">\n<div class=\"fusion-date-and-formats\"><div class=\"fusion-date-box updated\"><span class=\"fusion-date\">5<\/span><span class=\"fusion-month-year\">11, 2024<\/span><\/div><div class=\"fusion-format-box\"><i class=\"awb-icon-pen\" aria-hidden=\"true\"><\/i><\/div><\/div>\t<style type=\"text\/css\">\n\t\t\n\t\t\n\t\t\n\t\t\n\t\t\t<\/style>\n\n\n<div class=\"fusion-post-content post-content\"><h2 class=\"blog-shortcode-post-title entry-title\"><a href=\"http:\/\/motorkompetens.com\/en\/batmekaniker\/\">B\u00e5tmekaniker<\/a><\/h2><p class=\"fusion-single-line-meta\"><span class=\"vcard\" style=\"display: none;\"><span class=\"fn\"><a href=\"http:\/\/motorkompetens.com\/en\/author\/petra\/\" title=\"Posts by Petra Malving\" rel=\"author\">Petra Malving<\/a><\/span><\/span><span class=\"updated\" style=\"display:none;\">2024-11-05T13:22:38+01:00<\/span><span>November 5th, 2024<\/span><span class=\"fusion-inline-sep\">|<\/span><a href=\"http:\/\/motorkompetens.com\/en\/category\/batmekaniker\/\" rel=\"category tag\">B\u00e5tmekaniker<\/a><span class=\"fusion-inline-sep\">|<\/span><\/p><div class=\"fusion-post-content-container\"><p>Vi p\u00e5 Skandinavisk Kompetensservice arbetar med tekniska konsulttj\u00e4nster och \u00e4r nischade mot spetskompetens inom oljebranschen, offshore- och subseamarknaden i Sverige, Norge och Nordsj\u00f6n. Vi har satsat stort p\u00e5 kvalit\u00e9t och [...]<\/p><\/div><\/div><div class=\"fusion-clearfix\"><\/div><\/article>\n<article id=\"blog-1-post-12390\" class=\"fusion-post-medium-alternate post-12390 post type-post status-publish format-standard hentry category-okategoriserade\">\n<div class=\"fusion-date-and-formats\"><div class=\"fusion-date-box updated\"><span class=\"fusion-date\">4<\/span><span class=\"fusion-month-year\">11, 2024<\/span><\/div><div class=\"fusion-format-box\"><i class=\"awb-icon-pen\" aria-hidden=\"true\"><\/i><\/div><\/div>\t<style type=\"text\/css\">\n\t\t\n\t\t\n\t\t\n\t\t\n\t\t\t<\/style>\n\n\n<div class=\"fusion-post-content post-content\"><h2 class=\"blog-shortcode-post-title entry-title\"><a href=\"http:\/\/motorkompetens.com\/en\/spontanansokan-tungmekaniker\/\">TUNGMEKANIKER<\/a><\/h2><p class=\"fusion-single-line-meta\"><span class=\"vcard\" style=\"display: none;\"><span class=\"fn\"><a href=\"http:\/\/motorkompetens.com\/en\/author\/petra\/\" title=\"Posts by Petra Malving\" rel=\"author\">Petra Malving<\/a><\/span><\/span><span class=\"updated\" style=\"display:none;\">2024-11-05T13:23:06+01:00<\/span><span>November 4th, 2024<\/span><span class=\"fusion-inline-sep\">|<\/span><a href=\"http:\/\/motorkompetens.com\/en\/category\/okategoriserade\/\" rel=\"category tag\">Okategoriserade<\/a><span class=\"fusion-inline-sep\">|<\/span><\/p><div class=\"fusion-post-content-container\"><p>Vi p\u00e5 Skandinavisk Kompetensservice arbetar med tekniska konsulttj\u00e4nster och \u00e4r nischade mot spetskompetens inom oljebranschen, offshore- och subseamarknaden i Sverige, Norge och Nordsj\u00f6n. Vi har satsat stort p\u00e5 kvalit\u00e8t och [...]<\/p><\/div><\/div><div class=\"fusion-clearfix\"><\/div><\/article>\n<article id=\"blog-1-post-12384\" class=\"fusion-post-medium-alternate post-12384 post type-post status-publish format-standard hentry category-lastbilsmekaniker\">\n<div class=\"fusion-date-and-formats\"><div class=\"fusion-date-box updated\"><span class=\"fusion-date\">21<\/span><span class=\"fusion-month-year\">10, 2024<\/span><\/div><div class=\"fusion-format-box\"><i class=\"awb-icon-pen\" aria-hidden=\"true\"><\/i><\/div><\/div>\t<style type=\"text\/css\">\n\t\t\n\t\t\n\t\t\n\t\t\n\t\t\t<\/style>\n\n\n<div class=\"fusion-post-content post-content\"><h2 class=\"blog-shortcode-post-title entry-title\"><a href=\"http:\/\/motorkompetens.com\/en\/spontanansokan-lastbilsmekaniker\/\">LASTBILSMEKANIKER<\/a><\/h2><p class=\"fusion-single-line-meta\"><span class=\"vcard\" style=\"display: none;\"><span class=\"fn\"><a href=\"http:\/\/motorkompetens.com\/en\/author\/petra\/\" title=\"Posts by Petra Malving\" rel=\"author\">Petra Malving<\/a><\/span><\/span><span class=\"updated\" style=\"display:none;\">2024-10-21T09:58:22+02:00<\/span><span>October 21st, 2024<\/span><span class=\"fusion-inline-sep\">|<\/span><a href=\"http:\/\/motorkompetens.com\/en\/category\/lastbilsmekaniker\/\" rel=\"category tag\">Lastbilsmekaniker<\/a><span class=\"fusion-inline-sep\">|<\/span><\/p><div class=\"fusion-post-content-container\"><p>Vi p\u00e5 Skandinavisk Kompetensservice arbetar med tekniska konsulttj\u00e4nster och \u00e4r nischade mot spetskompetens inom oljebranschen, offshore- och subseamarknaden i Sverige, Norge och Nordsj\u00f6n. Vi har satsat stort p\u00e5 kvalit\u00e8t och [...]<\/p><\/div><\/div><div class=\"fusion-clearfix\"><\/div><\/article>\n<article id=\"blog-1-post-12388\" class=\"fusion-post-medium-alternate post-12388 post type-post status-publish format-standard hentry category-okategoriserade\">\n<div class=\"fusion-date-and-formats\"><div class=\"fusion-date-box updated\"><span class=\"fusion-date\">3<\/span><span class=\"fusion-month-year\">09, 2024<\/span><\/div><div class=\"fusion-format-box\"><i class=\"awb-icon-pen\" aria-hidden=\"true\"><\/i><\/div><\/div>\t<style type=\"text\/css\">\n\t\t\n\t\t\n\t\t\n\t\t\n\t\t\t<\/style>\n\n\n<div class=\"fusion-post-content post-content\"><h2 class=\"blog-shortcode-post-title entry-title\"><a href=\"http:\/\/motorkompetens.com\/en\/spontanansokan-elbussmekaniker\/\">SPONTANANS\u00d6KAN ELBUSSMEKANIKER<\/a><\/h2><p class=\"fusion-single-line-meta\"><span class=\"vcard\" style=\"display: none;\"><span class=\"fn\"><a href=\"http:\/\/motorkompetens.com\/en\/author\/petra\/\" title=\"Posts by Petra Malving\" rel=\"author\">Petra Malving<\/a><\/span><\/span><span class=\"updated\" style=\"display:none;\">2024-09-03T15:38:24+02:00<\/span><span>September 3rd, 2024<\/span><span class=\"fusion-inline-sep\">|<\/span><a href=\"http:\/\/motorkompetens.com\/en\/category\/okategoriserade\/\" rel=\"category tag\">Okategoriserade<\/a><span class=\"fusion-inline-sep\">|<\/span><\/p><div class=\"fusion-post-content-container\"><p>Vi p\u00e5 Skandinavisk Kompetensservice arbetar med tekniska konsulttj\u00e4nster och \u00e4r nischade mot spetskompetens inom oljebranschen, offshore- och subseamarknaden i Sverige, Norge och Nordsj\u00f6n. Vi har satsat stort p\u00e5 kvalitet och [...]<\/p><\/div><\/div><div class=\"fusion-clearfix\"><\/div><\/article>\n<article id=\"blog-1-post-12386\" class=\"fusion-post-medium-alternate post-12386 post type-post status-publish format-standard hentry category-personbilsmekaniker\">\n<div class=\"fusion-date-and-formats\"><div class=\"fusion-date-box updated\"><span class=\"fusion-date\">3<\/span><span class=\"fusion-month-year\">09, 2024<\/span><\/div><div class=\"fusion-format-box\"><i class=\"awb-icon-pen\" aria-hidden=\"true\"><\/i><\/div><\/div>\t<style type=\"text\/css\">\n\t\t\n\t\t\n\t\t\n\t\t\n\t\t\t<\/style>\n\n\n<div class=\"fusion-post-content post-content\"><h2 class=\"blog-shortcode-post-title entry-title\"><a href=\"http:\/\/motorkompetens.com\/en\/personbilsmekaniker\/\">PERSONBILSMEKANIKER<\/a><\/h2><p class=\"fusion-single-line-meta\"><span class=\"vcard\" style=\"display: none;\"><span class=\"fn\"><a href=\"http:\/\/motorkompetens.com\/en\/author\/petra\/\" title=\"Posts by Petra Malving\" rel=\"author\">Petra Malving<\/a><\/span><\/span><span class=\"updated\" style=\"display:none;\">2024-09-03T15:38:02+02:00<\/span><span>September 3rd, 2024<\/span><span class=\"fusion-inline-sep\">|<\/span><a href=\"http:\/\/motorkompetens.com\/en\/category\/personbilsmekaniker\/\" rel=\"category tag\">Personbilsmekaniker<\/a><span class=\"fusion-inline-sep\">|<\/span><\/p><div class=\"fusion-post-content-container\"><p>Vi p\u00e5 Skandinavisk Kompetensservice arbetar med tekniska konsulttj\u00e4nster och \u00e4r nischade mot spetskompetens inom oljebranschen, offshore- och subseamarknaden i Sverige, Norge och Nordsj\u00f6n. Vi har satsat stort p\u00e5 kvalit\u00e8t och [...]<\/p><\/div><\/div><div class=\"fusion-clearfix\"><\/div><\/article>\n<\/div><\/div><style type='text\/css'>.reading-box-container-1 .element-bottomshadow:before,.reading-box-container-1 .element-bottomshadow:after{opacity:0.1;}<\/style><div class=\"fusion-reading-box-container reading-box-container-1 fusion-animated\" style=\"--awb-title-color:#333333;--awb-margin-top:0px;--awb-margin-bottom:84px;\" data-animationType=\"fadeInRight\" data-animationDuration=\"1\" data-animationOffset=\"top-into-view\"><div class=\"reading-box\" style=\"background-color:#f6f6f6;border-width:1px;border-color:#f6f6f6;border-top-width:3px;border-top-color:var(--primary_color);border-style:solid;\"><a class=\"button fusion-button button-blue fusion-button-large button-large button-flat fusion-desktop-button fusion-tagline-button continue fusion-desktop-button-margin continue-right\" style=\"-webkit-box-shadow:none;-moz-box-shadow:none;box-shadow:none;border-radius:2px 2px 2px 2px\" href=\"http:\/\/motorkompetens.com\/kontakta\" target=\"_blank\" rel=\"noopener noreferrer\"><span>Kontakta oss<\/span><\/a><h2>Skicka in en spontanans\u00f6kan!<\/h2><div class=\"reading-box-description fusion-reading-box-additional\">Maila oss p\u00e5: info@motorkompetens.com<\/div><div class=\"fusion-clearfix\"><\/div><a class=\"button fusion-button button-blue fusion-button-large button-large button-flat fusion-mobile-button continue-right\" style=\"-webkit-box-shadow:none;-moz-box-shadow:none;box-shadow:none;border-radius:2px 2px 2px 2px\" href=\"http:\/\/motorkompetens.com\/kontakta\" target=\"_blank\" rel=\"noopener noreferrer\"><span>Kontakta oss<\/span><\/a><\/div><\/div><div class=\"fusion-clearfix\"><\/div><\/div><\/div><\/div><\/div><\/p>\n","protected":false},"excerpt":{"rendered":"","protected":false},"author":1,"featured_media":0,"parent":0,"menu_order":0,"comment_status":"open","ping_status":"closed","template":"","meta":{"footnotes":""},"_links":{"self":[{"href":"http:\/\/motorkompetens.com\/en\/wp-json\/wp\/v2\/pages\/3700"}],"collection":[{"href":"http:\/\/motorkompetens.com\/en\/wp-json\/wp\/v2\/pages"}],"about":[{"href":"http:\/\/motorkompetens.com\/en\/wp-json\/wp\/v2\/types\/page"}],"author":[{"embeddable":true,"href":"http:\/\/motorkompetens.com\/en\/wp-json\/wp\/v2\/users\/1"}],"replies":[{"embeddable":true,"href":"http:\/\/motorkompetens.com\/en\/wp-json\/wp\/v2\/comments?post=3700"}],"version-history":[{"count":13,"href":"http:\/\/motorkompetens.com\/en\/wp-json\/wp\/v2\/pages\/3700\/revisions"}],"predecessor-version":[{"id":12322,"href":"http:\/\/motorkompetens.com\/en\/wp-json\/wp\/v2\/pages\/3700\/revisions\/12322"}],"wp:attachment":[{"href":"http:\/\/motorkompetens.com\/en\/wp-json\/wp\/v2\/media?parent=3700"}],"curies":[{"name":"wp","href":"https:\/\/api.w.org\/{rel}","templated":true}]}}