{"id":11992,"date":"2017-02-07T16:13:55","date_gmt":"2017-02-07T15:13:55","guid":{"rendered":"http:\/\/motorkompetens.com\/?page_id=11992"},"modified":"2020-01-28T15:23:58","modified_gmt":"2020-01-28T14:23:58","slug":"inhyrning","status":"publish","type":"page","link":"https:\/\/motorkompetens.com\/en\/inhyrning\/","title":{"rendered":"Contracting"},"content":{"rendered":"<div class=\"fusion-fullwidth fullwidth-box fusion-builder-row-1 hundred-percent-fullwidth non-hundred-percent-height-scrolling\" style=\"--awb-border-radius-top-left:0px;--awb-border-radius-top-right:0px;--awb-border-radius-bottom-right:0px;--awb-border-radius-bottom-left:0px;--awb-overflow:visible;--awb-flex-wrap:wrap;\" ><div class=\"fusion-builder-row fusion-row\"><div class=\"fusion-layout-column fusion_builder_column fusion-builder-column-0 fusion_builder_column_1_1 1_1 fusion-one-full fusion-column-first fusion-column-last\" style=\"--awb-bg-size:cover;\"><div class=\"fusion-column-wrapper fusion-flex-column-wrapper-legacy\">\n<div class=\"fusion-slider-revolution rev_slider_wrapper\">\t\t\t<!-- START Inhyrning 2 REVOLUTION SLIDER 6.6.20 --><p class=\"rs-p-wp-fix\"><\/p>\n\t\t\t<rs-module-wrap id=\"rev_slider_10_1_wrapper\" data-source=\"gallery\" style=\"visibility:hidden;background:#E9E9E9;padding:0;margin:0px auto;margin-top:0;margin-bottom:0;\">\n\t\t\t\t<rs-module id=\"rev_slider_10_1\" style=\"\" data-version=\"6.6.20\">\n\t\t\t\t\t<rs-slides style=\"overflow: hidden; position: absolute;\">\n\t\t\t\t\t\t<rs-slide style=\"position: absolute;\" data-key=\"rs-23\" data-title=\"Slide\" data-duration=\"2500\" data-anim=\"ms:500;\" data-in=\"x:100%;\" data-out=\"a:false;\">\n\t\t\t\t\t\t\t<img decoding=\"async\" src=\"\/\/motorkompetens.com\/wp-content\/plugins\/revslider\/public\/assets\/assets\/dummy.png\" alt=\"\" title=\"engtruck\" width=\"200\" height=\"58\" class=\"rev-slidebg tp-rs-img rs-lazyload\" data-lazyload=\"\/\/motorkompetens.com\/wp-content\/uploads\/2020\/01\/engtruck.png\" data-bg=\"f:contain;\" data-no-retina>\n<!---->\t\t\t\t\t\t<\/rs-slide>\n\t\t\t\t\t\t<rs-slide style=\"position: absolute;\" data-key=\"rs-24\" data-title=\"Slide\" data-duration=\"2500\" data-anim=\"ms:500;e:slidingoverlay;\" data-in=\"x:100%;\">\n\t\t\t\t\t\t\t<img decoding=\"async\" src=\"\/\/motorkompetens.com\/wp-content\/plugins\/revslider\/public\/assets\/assets\/dummy.png\" alt=\"\" title=\"workertractor\" width=\"200\" height=\"58\" class=\"rev-slidebg tp-rs-img rs-lazyload\" data-lazyload=\"\/\/motorkompetens.com\/wp-content\/uploads\/2020\/01\/workertractor.png\" data-bg=\"f:contain;\" data-no-retina>\n<!---->\t\t\t\t\t\t<\/rs-slide>\n\t\t\t\t\t<\/rs-slides>\n\t\t\t\t<\/rs-module>\n\t\t\t\t<script>\n\t\t\t\t\tsetREVStartSize({c: 'rev_slider_10_1',rl:[1240,1024,778,480],el:[],gw:[1100],gh:[320],type:'standard',justify:'',layout:'fullwidth',mh:\"0\"});if (window.RS_MODULES!==undefined && window.RS_MODULES.modules!==undefined && window.RS_MODULES.modules[\"revslider101\"]!==undefined) {window.RS_MODULES.modules[\"revslider101\"].once = false;window.revapi10 = undefined;if (window.RS_MODULES.checkMinimal!==undefined) window.RS_MODULES.checkMinimal()}\n\t\t\t\t<\/script>\n\t\t\t<\/rs-module-wrap>\n\t\t\t<!-- END REVOLUTION SLIDER -->\n<\/div><div class=\"fusion-clearfix\"><\/div><\/div><\/div><div class=\"fusion-layout-column fusion_builder_column fusion-builder-column-1 fusion_builder_column_1_1 1_1 fusion-one-full fusion-column-first fusion-column-last\" style=\"--awb-bg-size:cover;\"><div class=\"fusion-column-wrapper fusion-flex-column-wrapper-legacy\"><div class=\"fusion-title title fusion-title-1 fusion-title-text fusion-title-size-two\"><h2 class=\"fusion-title-heading title-heading-left fusion-responsive-typography-calculated\" style=\"margin:0;--fontSize:18;--minFontSize:18;line-height:1.5;\">Inhyrning<\/h2><span class=\"awb-title-spacer\"><\/span><div class=\"title-sep-container\"><div class=\"title-sep sep-double sep-solid\" style=\"border-color:#e0dede;\"><\/div><\/div><\/div><div class=\"fusion-clearfix\"><\/div><\/div><\/div><div class=\"fusion-layout-column fusion_builder_column fusion-builder-column-2 fusion_builder_column_2_3 2_3 fusion-two-third fusion-column-first\" style=\"--awb-bg-size:cover;width:65.3333%; margin-right: 4%;\"><div class=\"fusion-column-wrapper fusion-flex-column-wrapper-legacy\"><div class=\"fusion-text fusion-text-1\"><p>Den i dag vanligaste formen av \u00e5tg\u00e4rd f\u00f6r att f\u00f6lja arbetstoppar, sjukfr\u00e5nvaro och l\u00e4ngre ledighet bland den ordinarie personalen \u00e4r att hyra in personal. Det ger dessutom kvalificerat tillskott till den ordinarie personalstyrkan vid speciella projekt och drifts\u00e4ttning etc.<\/p>\n<p>I dag vet m\u00e5nga f\u00f6retag hur viktigt det \u00e4r att ha spetskompetens tillg\u00e4nglig. D\u00e4rf\u00f6r v\u00e4ljer de att hyra in konsulter med fler\u00e5rig erfarenhet inom vald bransch och f\u00e5r p\u00e5 s\u00e5 s\u00e4tt snabbt in bemanning med r\u00e4tt kompetens i precis r\u00e4tt skede. V\u00e5ra anst\u00e4llda l\u00e5nas p\u00e5 detta s\u00e4tt ut till v\u00e5ra kunder och utf\u00f6r arbetet p\u00e5 plats.<\/p>\n<p>Hos oss f\u00e5r du Du en personlig kontakt som kan ditt \u00e4rende fullt ut.<br \/>\nKontakta oss redan i dag f\u00f6r offert eller mer information!<\/p>\n<p>&nbsp;<\/p>\n<p>&nbsp;<\/p>\n<\/div><div class=\"fusion-clearfix\"><\/div><\/div><\/div><div class=\"fusion-layout-column fusion_builder_column fusion-builder-column-3 fusion_builder_column_1_3 1_3 fusion-one-third fusion-column-last\" style=\"--awb-padding-top:5px;--awb-bg-size:cover;width:30.6666%;\"><div class=\"fusion-column-wrapper fusion-flex-column-wrapper-legacy\"><div class=\"fusion-person person fusion-person-left fusion-person-1 fusion-person-icon-top\" style=\"--awb-pic-style-color:#000000;--awb-pic-borderradius:0px;--awb-margin-top:0px;--awb-margin-right:0px;--awb-margin-bottom:0px;--awb-margin-left:0px;--awb-social-box-border-top:0px;--awb-social-box-border-right:0px;--awb-social-box-border-bottom:0px;--awb-social-box-border-left:0px;--awb-social-box-border-color:var(--awb-color3);--awb-social-box-border-color-hover:var(--awb-color4);--awb-social-box-colors-hover:rgba(232,232,232,0.8);--awb-social-icon-boxed-colors:#4e70b6;--awb-social-icon-colors:#ffffff;--awb-social-icon-colors-hover:rgba(190,189,189,0.8);\"><div class=\"person-shortcode-image-wrapper\"><div class=\"person-image-container hover-type-none dropshadow\" style=\"border:0px solid #f6f6f6;-webkit-box-shadow: 3px 3px 7px rgba(0,0,0,0.3);box-shadow: 3px 3px 7px rgba(0,0,0,0.3);-webkit-border-radius:0px;-moz-border-radius:0px;border-radius:0px;\"><img decoding=\"async\" class=\"person-img img-responsive\" src=\"http:\/\/motorkompetens.com\/wp-content\/uploads\/2012\/07\/callcentre-249x300.png\" alt=\"Skandinavisk Kompetensservice avd Motor &amp; Mekanik\" \/><\/div><\/div><div class=\"person-desc\"><div class=\"person-author\"><div class=\"person-author-wrapper\"><span class=\"person-name\">Skandinavisk Kompetensservice avd Motor &amp; Mekanik<\/span><span class=\"person-title\"><\/span><\/div><div class=\"fusion-social-networks boxed-icons\"><div class=\"fusion-social-networks-wrapper\"><a class=\"fusion-social-network-icon fusion-tooltip fusion-facebook awb-icon-facebook custom\" aria-label=\"fusion-facebook\" href=\"https:\/\/www.facebook.com\/Skandinavisk-Kompetensservice-177231785697597\/?fref=ts\" target=\"_blank\" rel=\"noopener noreferrer\" style=\"color:#ffffff;background-color:#4e70b6;border-color:var(--awb-color3);border-radius:4px;font-size:16px;padding:8px;\" data-placement=\"top\" data-title=\"Facebook\" title=\"Facebook\" data-toggle=\"tooltip\"><\/a><\/div><\/div><\/div><div class=\"person-content fusion-clearfix\">E-mail: info@motorkompetens.com<br \/>\nTel V\u00e4xel: +46 (0)455 694 100<br \/>\n<img decoding=\"async\" src=\"http:\/\/motorkompetens.com\/wp-content\/uploads\/2020\/01\/MMSK_Colour2.jpg \" alt=\"Skandinavisk Kompetensservice\" \/><\/p>\n<\/div><\/div><\/div><div class=\"fusion-clearfix\"><\/div><\/div><\/div><div class=\"fusion-layout-column fusion_builder_column fusion-builder-column-4 fusion_builder_column_1_1 1_1 fusion-one-full fusion-column-first fusion-column-last fusion-column-no-min-height\" style=\"--awb-bg-size:cover;--awb-margin-bottom:0px;\"><div class=\"fusion-column-wrapper fusion-flex-column-wrapper-legacy\"><div class=\"fusion-sep-clear\"><\/div><div class=\"fusion-separator fusion-full-width-sep\" style=\"margin-left: auto;margin-right: auto;margin-top:20px;margin-bottom:20px;width:100%;\"><\/div><div class=\"fusion-sep-clear\"><\/div><div class=\"fusion-clearfix\"><\/div><\/div><\/div><div class=\"fusion-layout-column fusion_builder_column fusion-builder-column-5 fusion_builder_column_1_1 1_1 fusion-one-full fusion-column-first fusion-column-last fusion-column-no-min-height\" style=\"--awb-padding-top:25px;--awb-bg-size:cover;--awb-margin-bottom:0px;\"><div class=\"fusion-column-wrapper fusion-flex-column-wrapper-legacy\"><style type='text\/css'>.reading-box-container-1 .element-bottomshadow:before,.reading-box-container-1 .element-bottomshadow:after{opacity:0.1;}<\/style><div class=\"fusion-reading-box-container reading-box-container-1 fusion-animated\" style=\"--awb-title-color:#333333;--awb-margin-top:0px;--awb-margin-bottom:84px;\" data-animationType=\"fadeInRight\" data-animationDuration=\"1\" data-animationOffset=\"top-into-view\"><div class=\"reading-box\" style=\"background-color:#f6f6f6;border-width:1px;border-color:#f6f6f6;border-top-width:3px;border-top-color:var(--primary_color);border-style:solid;\"><a class=\"button fusion-button button-blue fusion-button-large button-large button-flat fusion-desktop-button fusion-tagline-button continue fusion-desktop-button-margin continue-right\" style=\"-webkit-box-shadow:none;-moz-box-shadow:none;box-shadow:none;border-radius:2px 2px 2px 2px\" href=\"http:\/\/motorkompetens.com\/kontakta\" target=\"_blank\" rel=\"noopener noreferrer\"><span>Kontakta oss<\/span><\/a><h2>Teknikspecialister f\u00f6r tung industri.<\/h2><div class=\"reading-box-description fusion-reading-box-additional\">L\u00e5t oss hj\u00e4lpa er med bemanning!<\/div><div class=\"fusion-clearfix\"><\/div><a class=\"button fusion-button button-blue fusion-button-large button-large button-flat fusion-mobile-button continue-right\" style=\"-webkit-box-shadow:none;-moz-box-shadow:none;box-shadow:none;border-radius:2px 2px 2px 2px\" href=\"http:\/\/motorkompetens.com\/kontakta\" target=\"_blank\" rel=\"noopener noreferrer\"><span>Kontakta oss<\/span><\/a><\/div><\/div><div class=\"fusion-sep-clear\"><\/div><div class=\"fusion-separator fusion-full-width-sep\" style=\"margin-left: auto;margin-right: auto;margin-top:-15px;margin-bottom:-15px;width:100%;\"><\/div><div class=\"fusion-sep-clear\"><\/div><div class=\"fusion-clearfix\"><\/div><\/div><\/div><\/div><\/div>\n","protected":false},"excerpt":{"rendered":"","protected":false},"author":1,"featured_media":0,"parent":0,"menu_order":0,"comment_status":"closed","ping_status":"closed","template":"","meta":{"footnotes":""},"_links":{"self":[{"href":"https:\/\/motorkompetens.com\/en\/wp-json\/wp\/v2\/pages\/11992"}],"collection":[{"href":"https:\/\/motorkompetens.com\/en\/wp-json\/wp\/v2\/pages"}],"about":[{"href":"https:\/\/motorkompetens.com\/en\/wp-json\/wp\/v2\/types\/page"}],"author":[{"embeddable":true,"href":"https:\/\/motorkompetens.com\/en\/wp-json\/wp\/v2\/users\/1"}],"replies":[{"embeddable":true,"href":"https:\/\/motorkompetens.com\/en\/wp-json\/wp\/v2\/comments?post=11992"}],"version-history":[{"count":18,"href":"https:\/\/motorkompetens.com\/en\/wp-json\/wp\/v2\/pages\/11992\/revisions"}],"predecessor-version":[{"id":12342,"href":"https:\/\/motorkompetens.com\/en\/wp-json\/wp\/v2\/pages\/11992\/revisions\/12342"}],"wp:attachment":[{"href":"https:\/\/motorkompetens.com\/en\/wp-json\/wp\/v2\/media?parent=11992"}],"curies":[{"name":"wp","href":"https:\/\/api.w.org\/{rel}","templated":true}]}}