{"id":2318,"date":"2012-12-04T15:53:01","date_gmt":"2012-12-04T14:53:01","guid":{"rendered":"https:\/\/avada.theme-fusion.com\/?page_id=2318"},"modified":"2020-02-10T13:24:19","modified_gmt":"2020-02-10T12:24:19","slug":"hem","status":"publish","type":"page","link":"https:\/\/motorkompetens.com\/en\/","title":{"rendered":"Home"},"content":{"rendered":"<div class=\"fusion-fullwidth fullwidth-box fusion-builder-row-1 hundred-percent-fullwidth non-hundred-percent-height-scrolling\" style=\"--awb-border-radius-top-left:0px;--awb-border-radius-top-right:0px;--awb-border-radius-bottom-right:0px;--awb-border-radius-bottom-left:0px;--awb-background-color:#ffffff;--awb-flex-wrap:wrap;\" ><div class=\"fusion-builder-row fusion-row\"><div class=\"fusion-layout-column fusion_builder_column fusion-builder-column-0 fusion_builder_column_1_1 1_1 fusion-one-full fusion-column-first fusion-column-last fusion-column-no-min-height\" style=\"--awb-padding-top:10px;--awb-padding-right:10px;--awb-padding-bottom:10px;--awb-padding-left:10px;--awb-bg-color:#f6f6f6;--awb-bg-color-hover:#f6f6f6;--awb-bg-size:cover;--awb-border-color:#005496;--awb-border-top:3px;--awb-border-style:solid;--awb-margin-bottom:0px;\"><div class=\"fusion-column-wrapper fusion-flex-column-wrapper-legacy\"><div class=\"fusion-sep-clear\"><\/div><div class=\"fusion-separator fusion-full-width-sep\" style=\"margin-left: auto;margin-right: auto;margin-top:-15px;margin-bottom:-15px;width:100%;\"><\/div><div class=\"fusion-sep-clear\"><\/div><div class=\"fusion-text fusion-text-1\"><h1>Skandinavisk Kompetensservice avd Motor &amp; Mekanik<\/h1>\n<p>Vi har satsat p\u00e5 kvalit\u00e8 genom l\u00e5ng erfarenhet, kunskap och personlig service. V\u00e5rt m\u00e5l \u00e4r h\u00f6g professionalism och stort l\u00f6sningsfokus med l\u00e5ngsiktiga relationer bland s\u00e5v\u00e4l kunder som personal. Bra kommunikation \u00e4r ett av v\u00e5ra nyckelord till ett v\u00e4l fungerande koncept.<\/p>\n<p>D\u00e4rf\u00f6r vill vi som leverant\u00f6r ge dig som kund en personlig service d\u00e4r vi tillsammans kan arbeta fram en genomt\u00e4nkt plan anpassad f\u00f6r just dina bemanningsbehov vid s\u00e5v\u00e4l projekt som permanent. Vi \u00e4r specialister p\u00e5 att snabbt ta fram b\u00e5de enstaka spetskompetenspersoner och st\u00f6rre team av kompetens. Hos oss kan du f\u00e5 hj\u00e4lp med s\u00e5v\u00e4l direktrekrytering som hyra av konsulter f\u00f6r l\u00f6pande eller tillf\u00e4lligt behov.<\/p>\n<\/div><div class=\"fusion-sep-clear\"><\/div><div class=\"fusion-separator fusion-full-width-sep\" style=\"margin-left: auto;margin-right: auto;margin-top:-15px;margin-bottom:-15px;width:100%;\"><\/div><div class=\"fusion-sep-clear\"><\/div><div class=\"fusion-clearfix\"><\/div><\/div><\/div><div class=\"fusion-layout-column fusion_builder_column fusion-builder-column-1 fusion_builder_column_1_1 1_1 fusion-one-full fusion-column-first fusion-column-last fusion-column-no-min-height\" style=\"--awb-padding-top:25px;--awb-bg-size:cover;--awb-margin-bottom:0px;\"><div class=\"fusion-column-wrapper fusion-flex-column-wrapper-legacy\"><div class=\"fusion-tabs fusion-tabs-1 classic nav-is-justified horizontal-tabs icon-position-left mobile-mode-accordion\" style=\"--awb-title-border-radius-top-left:0px;--awb-title-border-radius-top-right:0px;--awb-title-border-radius-bottom-right:0px;--awb-title-border-radius-bottom-left:0px;--awb-inactive-color:#f1f2f2;--awb-background-color:#ffffff;--awb-border-color:#ebeaea;--awb-active-border-color:#1a80b6;\"><div class=\"nav\"><ul class=\"nav-tabs nav-justified\" role=\"tablist\"><li class=\"active\" role=\"presentation\"><a class=\"tab-link\" data-toggle=\"tab\" role=\"tab\" aria-controls=\"tab-92089f37ce976d520e3\" aria-selected=\"true\" id=\"fusion-tab-rekrytering\" href=\"#tab-92089f37ce976d520e3\"><h4 class=\"fusion-tab-heading\">Rekrytering<\/h4><\/a><\/li><li role=\"presentation\"><a class=\"tab-link\" data-toggle=\"tab\" role=\"tab\" aria-controls=\"tab-bf7eb7c386b6b9cb950\" aria-selected=\"false\" tabindex=\"-1\" id=\"fusion-tab-inhyrning\" href=\"#tab-bf7eb7c386b6b9cb950\"><h4 class=\"fusion-tab-heading\">Inhyrning<\/h4><\/a><\/li><\/ul><\/div><div class=\"tab-content\"><div class=\"nav fusion-mobile-tab-nav\"><ul class=\"nav-tabs nav-justified\" role=\"tablist\"><li class=\"active\" role=\"presentation\"><a class=\"tab-link\" data-toggle=\"tab\" role=\"tab\" aria-controls=\"tab-92089f37ce976d520e3\" aria-selected=\"true\" id=\"mobile-fusion-tab-rekrytering\" href=\"#tab-92089f37ce976d520e3\"><h4 class=\"fusion-tab-heading\">Rekrytering<\/h4><\/a><\/li><\/ul><\/div><div class=\"tab-pane fade fusion-clearfix in active\" role=\"tabpanel\" tabindex=\"0\" aria-labelledby=\"fusion-tab-rekrytering\" id=\"tab-92089f37ce976d520e3\">\n<i class=\"fb-icon-element-1 fb-icon-element fontawesome-icon fa fa-thumbs-up circle-yes fusion-text-flow\" style=\"--awb-circlebordersize:1px;--awb-font-size:35.2px;--awb-width:70.4px;--awb-height:70.4px;--awb-line-height:68.4px;--awb-margin-right:20px;\"><\/i>\n<p>M\u00e5nga f\u00f6retag inser i dag f\u00f6rdelarna med att k\u00f6pa tj\u00e4nsten Rekrytering. Eftersom de flesta f\u00f6retag inte rekryterar s\u00e5 ofta, finns helt enkelt inte kunskapen internt. En felrekrytering kan dessutom komma att kosta f\u00f6retaget massor av tid och pengar. F\u00f6r att undvika detta f\u00e5r du hos oss en personlig kontakt som sk\u00f6ter just Din rekrytering fr\u00e5n b\u00f6rjan till slut och som kan ditt \u00e4rende fullt ut. <a href=\"http:\/\/motorkompetens.com\/rekrytering\/\">L\u00e4s mer om rekrytering h\u00e4r.<\/a><\/p>\n<\/div><div class=\"nav fusion-mobile-tab-nav\"><ul class=\"nav-tabs nav-justified\" role=\"tablist\"><li role=\"presentation\"><a class=\"tab-link\" data-toggle=\"tab\" role=\"tab\" aria-controls=\"tab-bf7eb7c386b6b9cb950\" aria-selected=\"false\" tabindex=\"-1\" id=\"mobile-fusion-tab-inhyrning\" href=\"#tab-bf7eb7c386b6b9cb950\"><h4 class=\"fusion-tab-heading\">Inhyrning<\/h4><\/a><\/li><\/ul><\/div><div class=\"tab-pane fade fusion-clearfix\" role=\"tabpanel\" tabindex=\"0\" aria-labelledby=\"fusion-tab-inhyrning\" id=\"tab-bf7eb7c386b6b9cb950\">\n<i class=\"fb-icon-element-2 fb-icon-element fontawesome-icon fa fa-thumbs-up circle-yes fusion-text-flow\" style=\"--awb-circlebordersize:1px;--awb-font-size:35.2px;--awb-width:70.4px;--awb-height:70.4px;--awb-line-height:68.4px;--awb-margin-right:20px;\"><\/i>Den i dag vanligaste formen av \u00e5tg\u00e4rd f\u00f6r att f\u00f6lja arbetstoppar, sjukfr\u00e5nvaro och l\u00e4ngre ledighet bland den ordinarie personalen \u00e4r att hyra in personal. Det ger dessutom kvalificerat tillskott till den ordinarie personalstyrkan vid speciella projekt och drifts\u00e4ttning etc. <a href=\"http:\/\/motorkompetens.com\/inhyrning\">L\u00e4s mer om inhyrning h\u00e4r.<\/a><\/p>\n<\/div><\/div><\/div><div class=\"fusion-clearfix\"><\/div><\/div><\/div><div class=\"fusion-layout-column fusion_builder_column fusion-builder-column-2 fusion_builder_column_1_1 1_1 fusion-one-full fusion-column-first fusion-column-last fusion-column-no-min-height\" style=\"--awb-bg-size:cover;--awb-margin-bottom:0px;\"><div class=\"fusion-column-wrapper fusion-flex-column-wrapper-legacy\"><div class=\"fusion-title title fusion-title-1 fusion-title-text fusion-title-size-two\"><h2 class=\"fusion-title-heading title-heading-left fusion-responsive-typography-calculated\" style=\"margin:0;--fontSize:18;--minFontSize:18;line-height:1.5;\">Lediga tj\u00e4nster<\/h2><span class=\"awb-title-spacer\"><\/span><div class=\"title-sep-container\"><div class=\"title-sep sep-double sep-solid\" style=\"border-color:#e0dede;\"><\/div><\/div><\/div><div class=\"fusion-clearfix\"><\/div><\/div><\/div><div class=\"fusion-layout-column fusion_builder_column fusion-builder-column-3 fusion_builder_column_1_1 1_1 fusion-one-full fusion-column-first fusion-column-last fusion-column-no-min-height\" style=\"--awb-bg-size:cover;--awb-margin-bottom:0px;\"><div class=\"fusion-column-wrapper fusion-flex-column-wrapper-legacy\"><div class=\"fusion-recent-posts fusion-recent-posts-1 avada-container layout-date-on-side layout-columns-3\"><section class=\"fusion-columns columns fusion-columns-3 columns-3\"><article class=\"post fusion-column column col col-lg-4 col-md-4 col-sm-4\"><div class=\"fusion-date-and-formats\"><div class=\"fusion-date-box updated\"><span class=\"fusion-date\">5<\/span><span class=\"fusion-month-year\">11, 2024<\/span><\/div><div class=\"fusion-format-box\"><i class=\"awb-icon-pen\" aria-hidden=\"true\"><\/i><\/div><\/div><div class=\"recent-posts-content\"><span class=\"vcard\" style=\"display: none;\"><span class=\"fn\"><a href=\"https:\/\/motorkompetens.com\/en\/author\/petra\/\" title=\"Posts by Petra Malving\" rel=\"author\">Petra Malving<\/a><\/span><\/span><span class=\"updated\" style=\"display:none;\">2024-11-05T13:22:38+01:00<\/span><h4 class=\"entry-title\"><a href=\"https:\/\/motorkompetens.com\/en\/batmekaniker\/\">B\u00e5tmekaniker<\/a><\/h4><p>Vi p\u00e5 Skandinavisk Kompetensservice arbetar med tekniska konsulttj\u00e4nster och \u00e4r nischade mot spetskompetens inom oljebranschen, offshore- och subseamarknaden i Sverige, Norge och Nordsj\u00f6n. Vi har satsat stort p\u00e5 kvalit\u00e9t och personlig service och hos oss [...]<\/p><\/div><\/article><article class=\"post fusion-column column col col-lg-4 col-md-4 col-sm-4\"><div class=\"fusion-date-and-formats\"><div class=\"fusion-date-box updated\"><span class=\"fusion-date\">4<\/span><span class=\"fusion-month-year\">11, 2024<\/span><\/div><div class=\"fusion-format-box\"><i class=\"awb-icon-pen\" aria-hidden=\"true\"><\/i><\/div><\/div><div class=\"recent-posts-content\"><span class=\"vcard\" style=\"display: none;\"><span class=\"fn\"><a href=\"https:\/\/motorkompetens.com\/en\/author\/petra\/\" title=\"Posts by Petra Malving\" rel=\"author\">Petra Malving<\/a><\/span><\/span><span class=\"updated\" style=\"display:none;\">2024-11-05T13:23:06+01:00<\/span><h4 class=\"entry-title\"><a href=\"https:\/\/motorkompetens.com\/en\/spontanansokan-tungmekaniker\/\">TUNGMEKANIKER<\/a><\/h4><p>Vi p\u00e5 Skandinavisk Kompetensservice arbetar med tekniska konsulttj\u00e4nster och \u00e4r nischade mot spetskompetens inom oljebranschen, offshore- och subseamarknaden i Sverige, Norge och Nordsj\u00f6n. Vi har satsat stort p\u00e5 kvalit\u00e8t och personlig service och hos oss [...]<\/p><\/div><\/article><article class=\"post fusion-column column col col-lg-4 col-md-4 col-sm-4\"><div class=\"fusion-date-and-formats\"><div class=\"fusion-date-box updated\"><span class=\"fusion-date\">21<\/span><span class=\"fusion-month-year\">10, 2024<\/span><\/div><div class=\"fusion-format-box\"><i class=\"awb-icon-pen\" aria-hidden=\"true\"><\/i><\/div><\/div><div class=\"recent-posts-content\"><span class=\"vcard\" style=\"display: none;\"><span class=\"fn\"><a href=\"https:\/\/motorkompetens.com\/en\/author\/petra\/\" title=\"Posts by Petra Malving\" rel=\"author\">Petra Malving<\/a><\/span><\/span><span class=\"updated\" style=\"display:none;\">2024-10-21T09:58:22+02:00<\/span><h4 class=\"entry-title\"><a href=\"https:\/\/motorkompetens.com\/en\/spontanansokan-lastbilsmekaniker\/\">LASTBILSMEKANIKER<\/a><\/h4><p>Vi p\u00e5 Skandinavisk Kompetensservice arbetar med tekniska konsulttj\u00e4nster och \u00e4r nischade mot spetskompetens inom oljebranschen, offshore- och subseamarknaden i Sverige, Norge och Nordsj\u00f6n. Vi har satsat stort p\u00e5 kvalit\u00e8t och personlig service och hos oss [...]<\/p><\/div><\/article><\/section><\/div><div class=\"fusion-clearfix\"><\/div><\/div><\/div><div class=\"fusion-layout-column fusion_builder_column fusion-builder-column-4 fusion_builder_column_1_1 1_1 fusion-one-full fusion-column-first fusion-column-last fusion-column-no-min-height\" style=\"--awb-padding-top:25px;--awb-bg-size:cover;--awb-margin-bottom:0px;\"><div class=\"fusion-column-wrapper fusion-flex-column-wrapper-legacy\"><style type='text\/css'>.reading-box-container-1 .element-bottomshadow:before,.reading-box-container-1 .element-bottomshadow:after{opacity:0.1;}<\/style><div class=\"fusion-reading-box-container reading-box-container-1 fusion-animated\" style=\"--awb-title-color:#333333;--awb-margin-top:0px;--awb-margin-bottom:84px;\" data-animationType=\"fadeInRight\" data-animationDuration=\"1\" data-animationOffset=\"top-into-view\"><div class=\"reading-box\" style=\"background-color:#f6f6f6;border-width:1px;border-color:#f6f6f6;border-top-width:3px;border-top-color:var(--primary_color);border-style:solid;\"><a class=\"button fusion-button button-blue fusion-button-large button-large button-flat fusion-desktop-button fusion-tagline-button continue fusion-desktop-button-margin continue-right\" style=\"-webkit-box-shadow:none;-moz-box-shadow:none;box-shadow:none;border-radius:2px 2px 2px 2px\" href=\"http:\/\/motorkompetens.com\/kontakta\" target=\"_blank\" rel=\"noopener noreferrer\"><span>Kontakta oss<\/span><\/a><h2>Teknikspecialister f\u00f6r tung industri.<\/h2><div class=\"reading-box-description fusion-reading-box-additional\">L\u00e5t oss hj\u00e4lpa er med bemanning!<\/div><div class=\"fusion-clearfix\"><\/div><a class=\"button fusion-button button-blue fusion-button-large button-large button-flat fusion-mobile-button continue-right\" style=\"-webkit-box-shadow:none;-moz-box-shadow:none;box-shadow:none;border-radius:2px 2px 2px 2px\" href=\"http:\/\/motorkompetens.com\/kontakta\" target=\"_blank\" rel=\"noopener noreferrer\"><span>Kontakta oss<\/span><\/a><\/div><\/div><div class=\"fusion-sep-clear\"><\/div><div class=\"fusion-separator fusion-full-width-sep\" style=\"margin-left: auto;margin-right: auto;margin-top:-15px;margin-bottom:-15px;width:100%;\"><\/div><div class=\"fusion-sep-clear\"><\/div><div class=\"fusion-clearfix\"><\/div><\/div><\/div><div class=\"fusion-layout-column fusion_builder_column fusion-builder-column-5 fusion_builder_column_1_2 1_2 fusion-one-half fusion-column-first fusion-animated\" style=\"--awb-bg-size:cover;width:48%; margin-right: 4%;\" data-animationType=\"fadeInLeft\" data-animationDuration=\"0.4\" data-animationOffset=\"top-into-view\"><div class=\"fusion-column-wrapper fusion-flex-column-wrapper-legacy\"><div class=\"fusion-slider-sc fusion-flexslider-loading flexslider flexslider-hover-type-zoomin\" data-slideshow_autoplay=\"1\" data-slideshow_smooth_height=\"0\" data-slideshow_speed=\"7000\" style=\"max-width:100%;height:100%;\"><ul class=\"slides\"><li class=\"image\"><span class=\"fusion-image-hover-element hover-type-zoomin\"><img decoding=\"async\" src=\"http:\/\/motorkompetens.com\/wp-content\/uploads\/2020\/01\/diesel-engine-300x200.png\" width=\"300\" height=\"200\" class=\"wp-image-12261\" srcset=\"https:\/\/motorkompetens.com\/wp-content\/uploads\/2020\/01\/diesel-engine-200x134.png 200w, https:\/\/motorkompetens.com\/wp-content\/uploads\/2020\/01\/diesel-engine.png 400w\" sizes=\"(max-width: 800px) 100vw, 300px\" \/><\/span><\/li><li class=\"image\"><span class=\"fusion-image-hover-element hover-type-zoomin\"><img decoding=\"async\" src=\"http:\/\/motorkompetens.com\/wp-content\/uploads\/2020\/01\/diesel-repair-300x200.png\" width=\"300\" height=\"200\" class=\"wp-image-12262\" srcset=\"https:\/\/motorkompetens.com\/wp-content\/uploads\/2020\/01\/diesel-repair-200x134.png 200w, https:\/\/motorkompetens.com\/wp-content\/uploads\/2020\/01\/diesel-repair.png 400w\" sizes=\"(max-width: 800px) 100vw, 300px\" \/><\/span><\/li><li class=\"image\"><span class=\"fusion-image-hover-element hover-type-zoomin\"><img decoding=\"async\" src=\"http:\/\/motorkompetens.com\/wp-content\/uploads\/2020\/02\/yacht-1.jpeg\" width=\"300\" height=\"200\" class=\"wp-image-12358\" srcset=\"https:\/\/motorkompetens.com\/wp-content\/uploads\/2020\/02\/yacht-1-200x133.jpeg 200w, https:\/\/motorkompetens.com\/wp-content\/uploads\/2020\/02\/yacht-1.jpeg 300w\" sizes=\"(max-width: 800px) 100vw, 300px\" \/><\/span><\/li><\/ul><\/div><div class=\"fusion-clearfix\"><\/div><\/div><\/div><div class=\"fusion-layout-column fusion_builder_column fusion-builder-column-6 fusion_builder_column_1_2 1_2 fusion-one-half fusion-column-last\" style=\"--awb-bg-size:cover;width:48%;\"><div class=\"fusion-column-wrapper fusion-flex-column-wrapper-legacy\"><div class=\"fusion-clearfix\"><\/div><\/div><\/div><\/div><\/div>\n","protected":false},"excerpt":{"rendered":"","protected":false},"author":1,"featured_media":0,"parent":0,"menu_order":0,"comment_status":"open","ping_status":"closed","template":"","meta":{"footnotes":""},"_links":{"self":[{"href":"https:\/\/motorkompetens.com\/en\/wp-json\/wp\/v2\/pages\/2318"}],"collection":[{"href":"https:\/\/motorkompetens.com\/en\/wp-json\/wp\/v2\/pages"}],"about":[{"href":"https:\/\/motorkompetens.com\/en\/wp-json\/wp\/v2\/types\/page"}],"author":[{"embeddable":true,"href":"https:\/\/motorkompetens.com\/en\/wp-json\/wp\/v2\/users\/1"}],"replies":[{"embeddable":true,"href":"https:\/\/motorkompetens.com\/en\/wp-json\/wp\/v2\/comments?post=2318"}],"version-history":[{"count":39,"href":"https:\/\/motorkompetens.com\/en\/wp-json\/wp\/v2\/pages\/2318\/revisions"}],"predecessor-version":[{"id":12359,"href":"https:\/\/motorkompetens.com\/en\/wp-json\/wp\/v2\/pages\/2318\/revisions\/12359"}],"wp:attachment":[{"href":"https:\/\/motorkompetens.com\/en\/wp-json\/wp\/v2\/media?parent=2318"}],"curies":[{"name":"wp","href":"https:\/\/api.w.org\/{rel}","templated":true}]}}